{"id":4488,"date":"2024-05-30T07:43:20","date_gmt":"2024-05-30T07:43:20","guid":{"rendered":"https:\/\/ducnhuanphat.com.vn\/?page_id=4488"},"modified":"2024-05-30T07:50:59","modified_gmt":"2024-05-30T07:50:59","slug":"thiec-thoi-9975","status":"publish","type":"page","link":"https:\/\/ducnhuanphat.com.vn\/?page_id=4488","title":{"rendered":"Thi\u1ebfc th\u1ecfi 99,75%"},"content":{"rendered":"<div class=\"row\"  id=\"row-2049247478\">\n\n\t<div id=\"col-1546536250\" class=\"col medium-4 small-12 large-4\"  >\n\t\t\t\t<div class=\"col-inner\"  >\n\t\t\t\n\t\t\t\n\t<div class=\"img has-hover x md-x lg-x y md-y lg-y\" id=\"image_796649866\">\n\t\t\t\t\t\t\t\t<div class=\"img-inner dark\" >\n\t\t\t<img loading=\"lazy\" decoding=\"async\" width=\"400\" height=\"300\" src=\"https:\/\/ducnhuanphat.com.vn\/wp-content\/uploads\/2024\/05\/unnamed-1.jpg\" class=\"attachment-original size-original\" alt=\"\" \/>\t\t\t\t\t\t\n\t\t\t\t\t<\/div>\n\t\t\t\t\t\t\t\t\n<style>\n#image_796649866 {\n  width: 100%;\n}\n<\/style>\n\t<\/div>\n\t\n\t\t<\/div>\n\t\t\t\t\t<\/div>\n\n\t\n\n\t<div id=\"col-1338527808\" class=\"col medium-8 small-12 large-8\"  >\n\t\t\t\t<div class=\"col-inner\"  >\n\t\t\t\n\t\t\t\n\t<div id=\"text-3633533501\" class=\"text\">\n\t\t\n<p>Th\u00f4ng tin chi ti\u1ebft s\u1ea3n ph\u1ea9m<\/p>\n\t\t\n<style>\n#text-3633533501 {\n  font-size: 1.2rem;\n  color: rgb(0, 0, 0);\n}\n#text-3633533501 > * {\n  color: rgb(0, 0, 0);\n}\n<\/style>\n\t<\/div>\n\t\n\t<div id=\"text-3273639138\" class=\"text\">\n\t\t\n<p><strong>1. \u0110\u1eb7c \u0111i\u1ec3m c\u1ee7a Thi\u1ebfc th\u1ecfi 99,755%:<\/strong><\/p>\n<p>&#8211; Thi\u1ebfc\u00a0c\u00f3 k\u00fd hi\u1ec7u l\u00e0 \u00a0Sn\u00a0v\u00e0 s\u1ed1 nguy\u00ean t\u1eed l\u00e0 50. Thi\u1ebfc c\u00f3 m\u00e0u \u00e1nh b\u1ea1c, r\u1ea5t kh\u00f3 b\u1ecb\u00a0\u00f4xy h\u00f3a, \u1edf nhi\u1ec7t \u0111\u1ed9 m\u00f4i tr\u01b0\u1eddng thi\u1ebfc ch\u1ed1ng \u0111\u01b0\u1ee3c s\u1ef1 \u0103n m\u00f2n v\u00e0 ch\u1ed1ng s\u1ef1 oxy h\u00f3a.<\/p>\n<p>&#8211; Nhi\u1ec7t \u0111\u1ed9 n\u00f3ng ch\u1ea3y th\u1ea5p (232\u00a0\u00b0C)\u00a0v\u00e0 \u0111i\u1ec3m s\u00f4i (2270 \u00b0C).<\/p>\n<p>&#8211; Kh\u1ed1i l\u01b0\u1ee3ng ri\u00eang : 7.5\u00a0g\/cm3<\/p>\n<p>&#8211;\u00a0Thi\u1ebfc l\u00e0 kim lo\u1ea1i chi\u1ebfn l\u01b0\u1ee3c, khan hi\u1ebfm, s\u1ea3n l\u01b0\u1ee3ng thi\u1ebfc tr\u00ean th\u1ebf gi\u1edbi \u0111\u1ea1t kho\u1ea3ng 250 ng\u00e0n t\u1ea5n\/n\u0103m.<\/p>\n<p>&#8211; Thi\u1ebfc r\u1ea5t m\u1ec1m, d\u1ebbo, d\u1ec5 d\u00e1t m\u1ecfng. Trong \u0111i\u1ec1u ki\u1ec7n b\u00ecnh th\u01b0\u1eddng, thi\u1ebfc r\u1ea5t b\u1ec1n v\u1eefng d\u01b0\u1edbi t\u00e1c \u0111\u1ed9ng h\u00f3a h\u1ecdc, v\u00ec v\u1eady, thi\u1ebfc d\u00f9ng ph\u1ed5 bi\u1ebfn v\u1edbi ch\u1ee9c n\u0103ng n\u00e0y. \u00d4x\u00edt thi\u1ebfc kh\u00f4ng \u0111\u1ed9c v\u1edbi ng\u01b0\u1eddi, v\u00ec v\u1eady thi\u1ebfc d\u00f9ng nhi\u1ec1u trong c\u00f4ng nghi\u1ec7p th\u1ef1c ph\u1ea9m, l\u00e0m c\u00e1c \u0111\u1ed3 h\u1ed9p, bao b\u00ec b\u1ea3o qu\u1ea3n th\u1ef1c ph\u1ea9m. Kho\u1ea3ng 40% thi\u1ebfc \u0111\u01b0\u1ee3c s\u1eed d\u1ee5ng trong l\u0129nh v\u1ef1c n\u00e0y.<\/p>\n<p><strong>2. \u1ee8ng d\u1ee5ng c\u1ee7a thi\u1ebfc th\u1ecfi 99,75%:<\/strong><\/p>\n<p>&#8211; D\u00f9ng \u0111\u1ec3 m\u1ea1 \u0111\u1ed3ng, s\u1ea3n xu\u1ea5t d\u00e2y \u0111i\u1ec7n, \u0111\u00fac \u0111\u1ed3ng, s\u1ea3n xu\u1ea5t thi\u1ebfc h\u00e0n, ch\u00ec h\u00e0n&#8230;vv<\/p>\n<p>&#8211; D\u00f9ng s\u1ea3n xu\u1ea5t trong ng\u00e0nh c\u01a1 \u0111i\u1ec7n t\u1eed, \u0111\u00f3ng t\u00e0u, s\u1ea3n xu\u1ea5t m\u00e0n h\u00ecnh LC, \u0111i\u1ec7n tho\u1ea1i.<\/p>\n<p>&#8211; D\u00f9ng trong ng\u00e0nh s\u1ea3n xu\u1ea5t k\u00ednh, v\u00e0 trong ng\u00e0nh kim ho\u00e0n, v\u00e0 c\u00f4ng nghi\u1ec7p s\u1ea1ch\u00a0&#8230;vv<\/p>\n<p><strong>3. Th\u00e0nh ph\u1ea7n h\u00f3a h\u1ecdc c\u1ee7a Thi\u1ebfc th\u1ecfi 99,75%:<\/strong><\/p>\n<p>Th\u00e0nh ph\u1ea7n h\u00f3a h\u1ecdc c\u1ee7a Thi\u1ebfc th\u1ecfi nguy\u00ean ch\u1ea5t 99,75% \u0111\u01b0\u1ee3c th\u1ec3 hi\u1ec7n chi ti\u1ebft trong B\u1ea3ng ph\u00e2n t\u00edch th\u00e0nh ph\u1ea7n c\u1ee7a Thi\u1ebfc th\u1ecfi 99,75%<\/p>\n\t\t\n<style>\n#text-3273639138 {\n  font-size: 1rem;\n  color: rgb(41, 128, 185);\n}\n#text-3273639138 > * {\n  color: rgb(41, 128, 185);\n}\n<\/style>\n\t<\/div>\n\t\n\t<div class=\"img has-hover x md-x lg-x y md-y lg-y\" id=\"image_618608122\">\n\t\t\t\t\t\t\t\t<div class=\"img-inner dark\" >\n\t\t\t<img loading=\"lazy\" decoding=\"async\" width=\"659\" height=\"168\" src=\"https:\/\/ducnhuanphat.com.vn\/wp-content\/uploads\/2024\/05\/Screenshot-2024-05-30-144734.png\" class=\"attachment-original size-original\" alt=\"\" srcset=\"https:\/\/ducnhuanphat.com.vn\/wp-content\/uploads\/2024\/05\/Screenshot-2024-05-30-144734.png 659w, https:\/\/ducnhuanphat.com.vn\/wp-content\/uploads\/2024\/05\/Screenshot-2024-05-30-144734-510x130.png 510w\" sizes=\"auto, (max-width: 659px) 100vw, 659px\" \/>\t\t\t\t\t\t\n\t\t\t\t\t<\/div>\n\t\t\t\t\t\t\t\t\n<style>\n#image_618608122 {\n  width: 90%;\n}\n<\/style>\n\t<\/div>\n\t\n\t<div id=\"text-2639619480\" class=\"text\">\n\t\t\n<p><strong>4. Quy c\u00e1ch s\u1ea3n ph\u1ea9m Thi\u1ebfc th\u1ecfi 99,75%:<\/strong><\/p>\n<p>Thi\u1ebfc th\u1ecfi 99,75%\u00a0s\u1ea3n xu\u1ea5t th\u00e0nh th\u1ecfi v\u1edbi k\u00edch th\u01b0\u1edbc v\u00e0 tr\u1ecdng l\u01b0\u1ee3ng nh\u01b0 sau:<\/p>\n<p>\u00a0 \u00a0 + K\u00edch th\u01b0\u1edbc th\u1ecfi: D\u00e0i x R\u1ed9ng x Cao = 410 mm x 120\u00a0mm x 100 mm\u00a0<\/p>\n<p>\u00a0\u00a0\u00a0 + Tr\u1ecdng l\u01b0\u1ee3ng th\u1ecfi: 25\u00a0\u00b1 1 kg.\u00a0<\/p>\n<p>\u00a0 \u00a0 + B\u1ec1 m\u1eb7t nh\u1eb5n, s\u1ea1ch, kh\u00f4ng b\u1ecb \u00f4 xi\u00a0h\u00f3a, kh\u00f4ng c\u00f3 ba via, kh\u00f4ng ph\u00e2n l\u1edbp v\u00e0 kh\u00f4ng r\u1ed9p, r\u1ed7.\u00a0<\/p>\n<p>\u00a0 \u00a0\u00a0+Thi\u1ebfc\u00a0\u0111\u1ee7 ti\u00eau chu\u1ea9n, \u0111\u1ee7\u00a0gi\u1ea5y t\u1edd \u0111\u1ec3\u00a0\u00a0th\u1ec3 Xu\u1ea5t kh\u1ea9u.<\/p>\n\t\t\n<style>\n#text-2639619480 {\n  color: rgb(41, 128, 185);\n}\n#text-2639619480 > * {\n  color: rgb(41, 128, 185);\n}\n<\/style>\n\t<\/div>\n\t\n\t\t<\/div>\n\t\t\t\t\t<\/div>\n\n\t\n<\/div>\n","protected":false},"excerpt":{"rendered":"","protected":false},"author":1,"featured_media":0,"parent":0,"menu_order":0,"comment_status":"closed","ping_status":"closed","template":"","meta":{"footnotes":""},"class_list":["post-4488","page","type-page","status-publish","hentry"],"lang":"vi","translations":{"vi":4488},"pll_sync_post":[],"_links":{"self":[{"href":"https:\/\/ducnhuanphat.com.vn\/index.php?rest_route=\/wp\/v2\/pages\/4488","targetHints":{"allow":["GET"]}}],"collection":[{"href":"https:\/\/ducnhuanphat.com.vn\/index.php?rest_route=\/wp\/v2\/pages"}],"about":[{"href":"https:\/\/ducnhuanphat.com.vn\/index.php?rest_route=\/wp\/v2\/types\/page"}],"author":[{"embeddable":true,"href":"https:\/\/ducnhuanphat.com.vn\/index.php?rest_route=\/wp\/v2\/users\/1"}],"replies":[{"embeddable":true,"href":"https:\/\/ducnhuanphat.com.vn\/index.php?rest_route=%2Fwp%2Fv2%2Fcomments&post=4488"}],"version-history":[{"count":3,"href":"https:\/\/ducnhuanphat.com.vn\/index.php?rest_route=\/wp\/v2\/pages\/4488\/revisions"}],"predecessor-version":[{"id":4492,"href":"https:\/\/ducnhuanphat.com.vn\/index.php?rest_route=\/wp\/v2\/pages\/4488\/revisions\/4492"}],"wp:attachment":[{"href":"https:\/\/ducnhuanphat.com.vn\/index.php?rest_route=%2Fwp%2Fv2%2Fmedia&parent=4488"}],"curies":[{"name":"wp","href":"https:\/\/api.w.org\/{rel}","templated":true}]}}